{"id":153,"date":"2016-06-08T15:31:11","date_gmt":"2016-06-08T15:31:11","guid":{"rendered":"http:\/\/localhost\/tvparatodos\/con-ciencia-en-tu-barrio-copy\/"},"modified":"2023-05-24T16:41:58","modified_gmt":"2023-05-24T19:41:58","slug":"que-es-tv-para-todos","status":"publish","type":"page","link":"https:\/\/cntvinfantil.cl\/paratodos\/?page_id=153","title":{"rendered":"\u00bfQu\u00e9 es TV para todos?"},"content":{"rendered":"<div id=\"dslc-main\">\r\n\t\t<div  class=\"dslc-modules-section \" style=\"padding-bottom:0px;padding-top:0px;\" data-section-id=\"2d571c20d00\">\r\n\t\t\t\t\r\n\t\t\t\t\r\n\t\t\t\t<div class=\"dslc-modules-section-wrapper dslc-clearfix\"><div class=\"dslc-modules-area dslc-col dslc-12-col dslc-last-col\" data-size=\"12\" data-valign=\"\">\r\n\t\t<div id=\"dslc-module-c4f7b7ac252\" class=\"dslc-module-front dslc-module-DSLC_TP_Title dslc-in-viewport-check dslc-in-viewport-anim-none  dslc-col dslc-12-col dslc-last-col  dslc-module-handle-like-regular \" data-module-id=\"c4f7b7ac252\" data-module=\"DSLC_TP_Title\" data-dslc-module-size=\"12\" data-dslc-anim=\"none\" data-dslc-anim-delay=\"\" data-dslc-anim-duration=\"650\"  data-dslc-anim-easing=\"ease\" data-dslc-preset=\"none\" >\r\n\r\n\t\t\t\r\n\t\t\t\r\n\t\t\r\n\t\t\t\t<div class=\"dslc-tp-title\"><h1>\u00bfQu\u00e9 es TV para todos?<\/h1><\/div>\r\n\r\n\t\t\t\r\n\t\t\t\t<\/div><!-- .dslc-module -->\r\n\t\t<\/div><\/div><\/div>\r\n\t\t<div  class=\"dslc-modules-section \" style=\"padding-bottom:10px;padding-top:10px;\" data-section-id=\"e051b765dcc\">\r\n\t\t\t\t\r\n\t\t\t\t\r\n\t\t\t\t<div class=\"dslc-modules-section-wrapper dslc-clearfix\"><div class=\"dslc-modules-area dslc-col dslc-12-col dslc-last-col\" data-size=\"12\" data-valign=\"\">\r\n\t\t<div id=\"dslc-module-72a0e2eefdd\" class=\"dslc-module-front dslc-module-DSLC_TP_Content dslc-in-viewport-check dslc-in-viewport-anim-none  dslc-col dslc-12-col dslc-last-col  dslc-module-handle-like-regular \" data-module-id=\"72a0e2eefdd\" data-module=\"DSLC_TP_Content\" data-dslc-module-size=\"12\" data-dslc-anim=\"none\" data-dslc-anim-delay=\"\" data-dslc-anim-duration=\"650\"  data-dslc-anim-easing=\"ease\" data-dslc-preset=\"none\" >\r\n\r\n\t\t\t\r\n\t\t\t\r\n\t\t<div class=\"dslc-tp-content\"><div id=\"dslc-theme-content\"><div id=\"dslc-theme-content-inner\">\n<p> <strong>TELEVISI\u00d3N PARA TODOS<\/strong> es un proyecto que presenta una  selecci\u00f3n con las mejores series de la Programaci\u00f3n CNTV Infantil como  material audiovisual cultural inclusivo, con audio-descripci\u00f3n,  subt\u00edtulos y lengua de se\u00f1as chilena, disponible para libre acceso y  descarga desde internet. <\/p>\n\n\n\n<p>Este es un proyecto de CNTV Infantil, que parti\u00f3 como una iniciativa conjunta con Fundaci\u00f3n ProCultura, financiado por Fondo Nacional de Proyectos Inclusivos del Servicio Nacional de la Discapacidad (SENADIS) en 2015. Tras la buena acogida y reacci\u00f3n del p\u00fablico, se ha configurado como un proyecto propio de CNTV, que a\u00f1o a a\u00f1o dota al sitio TELEVISI\u00d3N PARA TODOS con los mejores audiovisuales de producci\u00f3n propia de CNTV infantil, habilitados con los recursos necesarios para que el p\u00fablico con alg\u00fan tipo de discapacidad visual o auditiva, pueda disfrutar y conocer las series de la Programaci\u00f3n Cultural y Educativa del Consejo Nacional de Televisi\u00f3n.<\/p>\n<\/div><\/div><\/div>\r\n\t\t\t\t<\/div><!-- .dslc-module -->\r\n\t\t<\/div><\/div><\/div><\/div>","protected":false},"excerpt":{"rendered":"<p>\u00bfQu\u00e9 es TV para todos? TELEVISI\u00d3N PARA TODOS es un proyecto que presenta una selecci\u00f3n con las mejores series de la Programaci\u00f3n CNTV Infantil como material audiovisual cultural inclusivo, con audio-descripci\u00f3n, subt\u00edtulos y lengua de se\u00f1as chilena, disponible para libre acceso y descarga desde internet. Este es un proyecto de CNTV Infantil, que parti\u00f3 como&hellip; <a class=\"continue\" href=\"https:\/\/cntvinfantil.cl\/paratodos\/?page_id=153\">Seguir leyendo<span> \u00bfQu\u00e9 es TV para todos?<\/span><\/a><\/p>\n","protected":false},"author":1,"featured_media":0,"parent":0,"menu_order":0,"comment_status":"closed","ping_status":"closed","template":"","meta":{"sfsi_plus_gutenberg_text_before_share":"","sfsi_plus_gutenberg_show_text_before_share":"","sfsi_plus_gutenberg_icon_type":"","sfsi_plus_gutenberg_icon_alignemt":"","sfsi_plus_gutenburg_max_per_row":""},"yoast_head":"<!-- This site is optimized with the Yoast SEO plugin v18.3 - https:\/\/yoast.com\/wordpress\/plugins\/seo\/ -->\n<title>\u00bfQu\u00e9 es TV para todos? - TV para todos<\/title>\n<meta name=\"robots\" content=\"index, follow, max-snippet:-1, max-image-preview:large, max-video-preview:-1\" \/>\n<link rel=\"canonical\" href=\"https:\/\/cntvinfantil.cl\/paratodos\/?page_id=153\" \/>\n<meta property=\"og:locale\" content=\"es_ES\" \/>\n<meta property=\"og:type\" content=\"article\" \/>\n<meta property=\"og:title\" content=\"\u00bfQu\u00e9 es TV para todos? - TV para todos\" \/>\n<meta property=\"og:description\" content=\"\u00bfQu\u00e9 es TV para todos? TELEVISI\u00d3N PARA TODOS es un proyecto que presenta una selecci\u00f3n con las mejores series de la Programaci\u00f3n CNTV Infantil como material audiovisual cultural inclusivo, con audio-descripci\u00f3n, subt\u00edtulos y lengua de se\u00f1as chilena, disponible para libre acceso y descarga desde internet. Este es un proyecto de CNTV Infantil, que parti\u00f3 como&hellip; Seguir leyendo \u00bfQu\u00e9 es TV para todos?\" \/>\n<meta property=\"og:url\" content=\"https:\/\/cntvinfantil.cl\/paratodos\/?page_id=153\" \/>\n<meta property=\"og:site_name\" content=\"TV para todos\" \/>\n<meta property=\"article:modified_time\" content=\"2023-05-24T19:41:58+00:00\" \/>\n<meta name=\"twitter:card\" content=\"summary_large_image\" \/>\n<meta name=\"twitter:label1\" content=\"Tiempo de lectura\" \/>\n\t<meta name=\"twitter:data1\" content=\"1 minuto\" \/>\n<script type=\"application\/ld+json\" class=\"yoast-schema-graph\">{\"@context\":\"https:\/\/schema.org\",\"@graph\":[{\"@type\":\"WebSite\",\"@id\":\"https:\/\/cntvinfantil.cl\/paratodos\/#website\",\"url\":\"https:\/\/cntvinfantil.cl\/paratodos\/\",\"name\":\"TV para todos\",\"description\":\"Videos para ni\u00f1os con audio descripci\u00f3n, lengua de se\u00f1as y subt\u00edtulos\",\"potentialAction\":[{\"@type\":\"SearchAction\",\"target\":{\"@type\":\"EntryPoint\",\"urlTemplate\":\"https:\/\/cntvinfantil.cl\/paratodos\/?s={search_term_string}\"},\"query-input\":\"required name=search_term_string\"}],\"inLanguage\":\"es\"},{\"@type\":\"WebPage\",\"@id\":\"https:\/\/cntvinfantil.cl\/paratodos\/?page_id=153#webpage\",\"url\":\"https:\/\/cntvinfantil.cl\/paratodos\/?page_id=153\",\"name\":\"\u00bfQu\u00e9 es TV para todos? - TV para todos\",\"isPartOf\":{\"@id\":\"https:\/\/cntvinfantil.cl\/paratodos\/#website\"},\"datePublished\":\"2016-06-08T15:31:11+00:00\",\"dateModified\":\"2023-05-24T19:41:58+00:00\",\"breadcrumb\":{\"@id\":\"https:\/\/cntvinfantil.cl\/paratodos\/?page_id=153#breadcrumb\"},\"inLanguage\":\"es\",\"potentialAction\":[{\"@type\":\"ReadAction\",\"target\":[\"https:\/\/cntvinfantil.cl\/paratodos\/?page_id=153\"]}]},{\"@type\":\"BreadcrumbList\",\"@id\":\"https:\/\/cntvinfantil.cl\/paratodos\/?page_id=153#breadcrumb\",\"itemListElement\":[{\"@type\":\"ListItem\",\"position\":1,\"name\":\"Portada\",\"item\":\"https:\/\/cntvinfantil.cl\/paratodos\/\"},{\"@type\":\"ListItem\",\"position\":2,\"name\":\"\u00bfQu\u00e9 es TV para todos?\"}]}]}<\/script>\n<!-- \/ Yoast SEO plugin. -->","yoast_head_json":{"title":"\u00bfQu\u00e9 es TV para todos? - TV para todos","robots":{"index":"index","follow":"follow","max-snippet":"max-snippet:-1","max-image-preview":"max-image-preview:large","max-video-preview":"max-video-preview:-1"},"canonical":"https:\/\/cntvinfantil.cl\/paratodos\/?page_id=153","og_locale":"es_ES","og_type":"article","og_title":"\u00bfQu\u00e9 es TV para todos? - TV para todos","og_description":"\u00bfQu\u00e9 es TV para todos? TELEVISI\u00d3N PARA TODOS es un proyecto que presenta una selecci\u00f3n con las mejores series de la Programaci\u00f3n CNTV Infantil como material audiovisual cultural inclusivo, con audio-descripci\u00f3n, subt\u00edtulos y lengua de se\u00f1as chilena, disponible para libre acceso y descarga desde internet. Este es un proyecto de CNTV Infantil, que parti\u00f3 como&hellip; Seguir leyendo \u00bfQu\u00e9 es TV para todos?","og_url":"https:\/\/cntvinfantil.cl\/paratodos\/?page_id=153","og_site_name":"TV para todos","article_modified_time":"2023-05-24T19:41:58+00:00","twitter_card":"summary_large_image","twitter_misc":{"Tiempo de lectura":"1 minuto"},"schema":{"@context":"https:\/\/schema.org","@graph":[{"@type":"WebSite","@id":"https:\/\/cntvinfantil.cl\/paratodos\/#website","url":"https:\/\/cntvinfantil.cl\/paratodos\/","name":"TV para todos","description":"Videos para ni\u00f1os con audio descripci\u00f3n, lengua de se\u00f1as y subt\u00edtulos","potentialAction":[{"@type":"SearchAction","target":{"@type":"EntryPoint","urlTemplate":"https:\/\/cntvinfantil.cl\/paratodos\/?s={search_term_string}"},"query-input":"required name=search_term_string"}],"inLanguage":"es"},{"@type":"WebPage","@id":"https:\/\/cntvinfantil.cl\/paratodos\/?page_id=153#webpage","url":"https:\/\/cntvinfantil.cl\/paratodos\/?page_id=153","name":"\u00bfQu\u00e9 es TV para todos? - TV para todos","isPartOf":{"@id":"https:\/\/cntvinfantil.cl\/paratodos\/#website"},"datePublished":"2016-06-08T15:31:11+00:00","dateModified":"2023-05-24T19:41:58+00:00","breadcrumb":{"@id":"https:\/\/cntvinfantil.cl\/paratodos\/?page_id=153#breadcrumb"},"inLanguage":"es","potentialAction":[{"@type":"ReadAction","target":["https:\/\/cntvinfantil.cl\/paratodos\/?page_id=153"]}]},{"@type":"BreadcrumbList","@id":"https:\/\/cntvinfantil.cl\/paratodos\/?page_id=153#breadcrumb","itemListElement":[{"@type":"ListItem","position":1,"name":"Portada","item":"https:\/\/cntvinfantil.cl\/paratodos\/"},{"@type":"ListItem","position":2,"name":"\u00bfQu\u00e9 es TV para todos?"}]}]}},"_links":{"self":[{"href":"https:\/\/cntvinfantil.cl\/paratodos\/index.php?rest_route=\/wp\/v2\/pages\/153"}],"collection":[{"href":"https:\/\/cntvinfantil.cl\/paratodos\/index.php?rest_route=\/wp\/v2\/pages"}],"about":[{"href":"https:\/\/cntvinfantil.cl\/paratodos\/index.php?rest_route=\/wp\/v2\/types\/page"}],"author":[{"embeddable":true,"href":"https:\/\/cntvinfantil.cl\/paratodos\/index.php?rest_route=\/wp\/v2\/users\/1"}],"replies":[{"embeddable":true,"href":"https:\/\/cntvinfantil.cl\/paratodos\/index.php?rest_route=%2Fwp%2Fv2%2Fcomments&post=153"}],"version-history":[{"count":136,"href":"https:\/\/cntvinfantil.cl\/paratodos\/index.php?rest_route=\/wp\/v2\/pages\/153\/revisions"}],"predecessor-version":[{"id":1565,"href":"https:\/\/cntvinfantil.cl\/paratodos\/index.php?rest_route=\/wp\/v2\/pages\/153\/revisions\/1565"}],"wp:attachment":[{"href":"https:\/\/cntvinfantil.cl\/paratodos\/index.php?rest_route=%2Fwp%2Fv2%2Fmedia&parent=153"}],"curies":[{"name":"wp","href":"https:\/\/api.w.org\/{rel}","templated":true}]}}